{"id":2,"date":"2020-08-20T11:11:14","date_gmt":"2020-08-20T14:11:14","guid":{"rendered":"http:\/\/atexsitenovo.web36f08.kinghost.net\/?page_id=2"},"modified":"2024-12-11T00:59:49","modified_gmt":"2024-12-11T03:59:49","slug":"formas-atex","status":"publish","type":"page","link":"https:\/\/atex.com.br\/pt\/","title":{"rendered":"Home"},"content":{"rendered":"<div role=\"form\" class=\"wpcf7\" id=\"wpcf7-f3367-o1\" lang=\"pt-BR\" dir=\"ltr\">\n<div class=\"screen-reader-response\"><p role=\"status\" aria-live=\"polite\" aria-atomic=\"true\"><\/p> <ul><\/ul><\/div>\n<form action=\"\/pt\/wp-json\/wp\/v2\/pages\/2#wpcf7-f3367-o1\" method=\"post\" class=\"wpcf7-form init\" novalidate=\"novalidate\" data-status=\"init\">\n<div style=\"display: none;\">\n<input type=\"hidden\" name=\"_wpcf7\" value=\"3367\" \/>\n<input type=\"hidden\" name=\"_wpcf7_version\" value=\"5.5.6\" \/>\n<input type=\"hidden\" name=\"_wpcf7_locale\" value=\"pt_BR\" \/>\n<input type=\"hidden\" name=\"_wpcf7_unit_tag\" value=\"wpcf7-f3367-o1\" \/>\n<input type=\"hidden\" name=\"_wpcf7_container_post\" value=\"0\" \/>\n<input type=\"hidden\" name=\"_wpcf7_posted_data_hash\" value=\"\" \/>\n<input type=\"hidden\" name=\"_wpcf7cf_hidden_group_fields\" value=\"\" \/>\n<input type=\"hidden\" name=\"_wpcf7cf_hidden_groups\" value=\"\" \/>\n<input type=\"hidden\" name=\"_wpcf7cf_visible_groups\" value=\"\" \/>\n<input type=\"hidden\" name=\"_wpcf7cf_repeaters\" value=\"[]\" \/>\n<input type=\"hidden\" name=\"_wpcf7cf_steps\" value=\"{}\" \/>\n<input type=\"hidden\" name=\"_wpcf7cf_options\" value=\"{&quot;form_id&quot;:3367,&quot;conditions&quot;:[],&quot;settings&quot;:{&quot;animation&quot;:&quot;yes&quot;,&quot;animation_intime&quot;:200,&quot;animation_outtime&quot;:200,&quot;conditions_ui&quot;:&quot;normal&quot;,&quot;notice_dismissed&quot;:false}}\" \/>\n<\/div>\n<label> Your name\n    <span class=\"wpcf7-form-control-wrap your-name\"><input type=\"text\" name=\"your-name\" value=\"\" size=\"40\" class=\"wpcf7-form-control wpcf7-text wpcf7-validates-as-required\" aria-required=\"true\" aria-invalid=\"false\" \/><\/span> <\/label>\n\n<label> Your email\n    <span class=\"wpcf7-form-control-wrap your-email\"><input type=\"email\" name=\"your-email\" value=\"\" size=\"40\" class=\"wpcf7-form-control wpcf7-text wpcf7-email wpcf7-validates-as-required wpcf7-validates-as-email\" aria-required=\"true\" aria-invalid=\"false\" \/><\/span> <\/label>\n\n<label> Assunto\n    <span class=\"wpcf7-form-control-wrap your-subject\"><input type=\"text\" name=\"your-subject\" value=\"\" size=\"40\" class=\"wpcf7-form-control wpcf7-text wpcf7-validates-as-required\" aria-required=\"true\" aria-invalid=\"false\" \/><\/span> <\/label>\n\n<label> Your message (opcional)\n    <span class=\"wpcf7-form-control-wrap your-message\"><textarea name=\"your-message\" cols=\"40\" rows=\"10\" class=\"wpcf7-form-control wpcf7-textarea\" aria-invalid=\"false\"><\/textarea><\/span> <\/label>\n\n<input type=\"submit\" value=\"Enviar\" class=\"wpcf7-form-control has-spinner wpcf7-submit\" \/><p style=\"display: none !important;\"><label>&#916;<textarea name=\"_wpcf7_ak_hp_textarea\" cols=\"45\" rows=\"8\" maxlength=\"100\"><\/textarea><\/label><input type=\"hidden\" id=\"ak_js_1\" name=\"_wpcf7_ak_js\" value=\"101\"\/><script>document.getElementById( \"ak_js_1\" ).setAttribute( \"value\", ( new Date() ).getTime() );<\/script><\/p><div class=\"wpcf7-response-output\" aria-hidden=\"true\"><\/div><\/form><\/div>\n","protected":false},"excerpt":{"rendered":"","protected":false},"author":1,"featured_media":0,"parent":0,"menu_order":0,"comment_status":"closed","ping_status":"closed","template":"template-page-home.php","meta":{"footnotes":""},"acf":[],"yoast_head":"<!-- This site is optimized with the Yoast SEO plugin v18.5 - https:\/\/yoast.com\/wordpress\/plugins\/seo\/ -->\n<title>Home -<\/title>\n<meta name=\"description\" content=\"Conhe\u00e7a as F\u00f4rmas Atex. Nossos produtos e solu\u00e7\u00f5es modulares podem ser aplicadas em diferentes projetos e obras. Confira!\" \/>\n<meta name=\"robots\" content=\"index, follow, max-snippet:-1, max-image-preview:large, max-video-preview:-1\" \/>\n<link rel=\"canonical\" href=\"https:\/\/atex.com.br\/pt\/\" \/>\n<meta property=\"og:locale\" content=\"pt_BR\" \/>\n<meta property=\"og:type\" content=\"article\" \/>\n<meta property=\"og:title\" content=\"Conhe\u00e7a as F\u00f4rmas Atex para constru\u00e7\u00e3o civil\" \/>\n<meta property=\"og:description\" content=\"Garanta mais economia, agilidade e sustentabilidade para os seus projetos com os produtos e solu\u00e7\u00f5es modulares da Atex.\" \/>\n<meta property=\"og:url\" content=\"https:\/\/atex.com.br\/pt\/\" \/>\n<meta property=\"og:site_name\" content=\"Atex\" \/>\n<meta property=\"article:modified_time\" content=\"2024-12-11T03:59:49+00:00\" \/>\n<meta property=\"og:image\" content=\"https:\/\/atex.com.br\/pt\/wp-content\/uploads\/2020\/09\/banner-home.png\" \/>\n\t<meta property=\"og:image:width\" content=\"1383\" \/>\n\t<meta property=\"og:image:height\" content=\"777\" \/>\n\t<meta property=\"og:image:type\" content=\"image\/png\" \/>\n<meta name=\"twitter:card\" content=\"summary_large_image\" \/>\n<meta name=\"twitter:title\" content=\"Conhe\u00e7a as F\u00f4rmas Atex para constru\u00e7\u00e3o civil\" \/>\n<meta name=\"twitter:description\" content=\"Garanta mais economia, agilidade e sustentabilidade para os seus projetos com os produtos e solu\u00e7\u00f5es modulares da Atex.\" \/>\n<meta name=\"twitter:image\" content=\"https:\/\/atex.com.br\/pt\/wp-content\/uploads\/2020\/09\/banner-home.png\" \/>\n<script type=\"application\/ld+json\" class=\"yoast-schema-graph\">{\"@context\":\"https:\/\/schema.org\",\"@graph\":[{\"@type\":\"WebSite\",\"@id\":\"https:\/\/atex.com.br\/pt\/#website\",\"url\":\"https:\/\/atex.com.br\/pt\/\",\"name\":\"Atex\",\"description\":\"S\u00f3 mais um site WordPress\",\"potentialAction\":[{\"@type\":\"SearchAction\",\"target\":{\"@type\":\"EntryPoint\",\"urlTemplate\":\"https:\/\/atex.com.br\/pt\/?s={search_term_string}\"},\"query-input\":\"required name=search_term_string\"}],\"inLanguage\":\"pt-BR\"},{\"@type\":\"ImageObject\",\"@id\":\"https:\/\/atex.com.br\/pt\/#primaryimage\",\"inLanguage\":\"pt-BR\",\"url\":\"https:\/\/atex.com.br\/pt\/wp-content\/uploads\/2020\/09\/banner-home.png\",\"contentUrl\":\"https:\/\/atex.com.br\/pt\/wp-content\/uploads\/2020\/09\/banner-home.png\",\"width\":1383,\"height\":777,\"caption\":\"Espa\u00e7o do museu Inhotim constru\u00eddo com as Formas Atex para Laje Nervurada\"},{\"@type\":\"WebPage\",\"@id\":\"https:\/\/atex.com.br\/pt\/#webpage\",\"url\":\"https:\/\/atex.com.br\/pt\/\",\"name\":\"Home -\",\"isPartOf\":{\"@id\":\"https:\/\/atex.com.br\/pt\/#website\"},\"datePublished\":\"2020-08-20T14:11:14+00:00\",\"dateModified\":\"2024-12-11T03:59:49+00:00\",\"description\":\"Conhe\u00e7a as F\u00f4rmas Atex. Nossos produtos e solu\u00e7\u00f5es modulares podem ser aplicadas em diferentes projetos e obras. Confira!\",\"breadcrumb\":{\"@id\":\"https:\/\/atex.com.br\/pt\/#breadcrumb\"},\"inLanguage\":\"pt-BR\",\"potentialAction\":[{\"@type\":\"ReadAction\",\"target\":[\"https:\/\/atex.com.br\/pt\/\"]}]},{\"@type\":\"BreadcrumbList\",\"@id\":\"https:\/\/atex.com.br\/pt\/#breadcrumb\",\"itemListElement\":[{\"@type\":\"ListItem\",\"position\":1,\"name\":\"In\u00edcio\",\"item\":\"https:\/\/atex.com.br\/pt\/\"},{\"@type\":\"ListItem\",\"position\":2,\"name\":\"Home\"}]}]}<\/script>\n<!-- \/ Yoast SEO plugin. -->","yoast_head_json":{"title":"Home -","description":"Conhe\u00e7a as F\u00f4rmas Atex. Nossos produtos e solu\u00e7\u00f5es modulares podem ser aplicadas em diferentes projetos e obras. Confira!","robots":{"index":"index","follow":"follow","max-snippet":"max-snippet:-1","max-image-preview":"max-image-preview:large","max-video-preview":"max-video-preview:-1"},"canonical":"https:\/\/atex.com.br\/pt\/","og_locale":"pt_BR","og_type":"article","og_title":"Conhe\u00e7a as F\u00f4rmas Atex para constru\u00e7\u00e3o civil","og_description":"Garanta mais economia, agilidade e sustentabilidade para os seus projetos com os produtos e solu\u00e7\u00f5es modulares da Atex.","og_url":"https:\/\/atex.com.br\/pt\/","og_site_name":"Atex","article_modified_time":"2024-12-11T03:59:49+00:00","og_image":[{"width":1383,"height":777,"url":"https:\/\/atex.com.br\/pt\/wp-content\/uploads\/2020\/09\/banner-home.png","type":"image\/png"}],"twitter_card":"summary_large_image","twitter_title":"Conhe\u00e7a as F\u00f4rmas Atex para constru\u00e7\u00e3o civil","twitter_description":"Garanta mais economia, agilidade e sustentabilidade para os seus projetos com os produtos e solu\u00e7\u00f5es modulares da Atex.","twitter_image":"https:\/\/atex.com.br\/pt\/wp-content\/uploads\/2020\/09\/banner-home.png","schema":{"@context":"https:\/\/schema.org","@graph":[{"@type":"WebSite","@id":"https:\/\/atex.com.br\/pt\/#website","url":"https:\/\/atex.com.br\/pt\/","name":"Atex","description":"S\u00f3 mais um site WordPress","potentialAction":[{"@type":"SearchAction","target":{"@type":"EntryPoint","urlTemplate":"https:\/\/atex.com.br\/pt\/?s={search_term_string}"},"query-input":"required name=search_term_string"}],"inLanguage":"pt-BR"},{"@type":"ImageObject","@id":"https:\/\/atex.com.br\/pt\/#primaryimage","inLanguage":"pt-BR","url":"https:\/\/atex.com.br\/pt\/wp-content\/uploads\/2020\/09\/banner-home.png","contentUrl":"https:\/\/atex.com.br\/pt\/wp-content\/uploads\/2020\/09\/banner-home.png","width":1383,"height":777,"caption":"Espa\u00e7o do museu Inhotim constru\u00eddo com as Formas Atex para Laje Nervurada"},{"@type":"WebPage","@id":"https:\/\/atex.com.br\/pt\/#webpage","url":"https:\/\/atex.com.br\/pt\/","name":"Home -","isPartOf":{"@id":"https:\/\/atex.com.br\/pt\/#website"},"datePublished":"2020-08-20T14:11:14+00:00","dateModified":"2024-12-11T03:59:49+00:00","description":"Conhe\u00e7a as F\u00f4rmas Atex. Nossos produtos e solu\u00e7\u00f5es modulares podem ser aplicadas em diferentes projetos e obras. Confira!","breadcrumb":{"@id":"https:\/\/atex.com.br\/pt\/#breadcrumb"},"inLanguage":"pt-BR","potentialAction":[{"@type":"ReadAction","target":["https:\/\/atex.com.br\/pt\/"]}]},{"@type":"BreadcrumbList","@id":"https:\/\/atex.com.br\/pt\/#breadcrumb","itemListElement":[{"@type":"ListItem","position":1,"name":"In\u00edcio","item":"https:\/\/atex.com.br\/pt\/"},{"@type":"ListItem","position":2,"name":"Home"}]}]}},"_links":{"self":[{"href":"https:\/\/atex.com.br\/pt\/wp-json\/wp\/v2\/pages\/2"}],"collection":[{"href":"https:\/\/atex.com.br\/pt\/wp-json\/wp\/v2\/pages"}],"about":[{"href":"https:\/\/atex.com.br\/pt\/wp-json\/wp\/v2\/types\/page"}],"author":[{"embeddable":true,"href":"https:\/\/atex.com.br\/pt\/wp-json\/wp\/v2\/users\/1"}],"replies":[{"embeddable":true,"href":"https:\/\/atex.com.br\/pt\/wp-json\/wp\/v2\/comments?post=2"}],"version-history":[{"count":17,"href":"https:\/\/atex.com.br\/pt\/wp-json\/wp\/v2\/pages\/2\/revisions"}],"predecessor-version":[{"id":6833,"href":"https:\/\/atex.com.br\/pt\/wp-json\/wp\/v2\/pages\/2\/revisions\/6833"}],"wp:attachment":[{"href":"https:\/\/atex.com.br\/pt\/wp-json\/wp\/v2\/media?parent=2"}],"curies":[{"name":"wp","href":"https:\/\/api.w.org\/{rel}","templated":true}]}}